{"id":10,"date":"2024-01-12T00:08:35","date_gmt":"2024-01-11T23:08:35","guid":{"rendered":"https:\/\/sanbasiliobcn.com\/?page_id=10"},"modified":"2026-02-09T23:52:08","modified_gmt":"2026-02-09T22:52:08","slug":"inicio","status":"publish","type":"page","link":"https:\/\/sanbasiliobcn.com\/","title":{"rendered":"Inicio"},"content":{"rendered":"\t\t<div data-elementor-type=\"wp-page\" data-elementor-id=\"10\" class=\"elementor elementor-10\" data-elementor-post-type=\"page\">\n\t\t\t\t<div class=\"elementor-element elementor-element-6324e0c e-flex e-con-boxed e-con e-parent\" data-id=\"6324e0c\" data-element_type=\"container\" data-settings=\"{&quot;background_background&quot;:&quot;classic&quot;}\">\n\t\t\t\t\t<div class=\"e-con-inner\">\n\t\t<div class=\"elementor-element elementor-element-80e9bad e-con-full e-flex e-con e-child\" data-id=\"80e9bad\" data-element_type=\"container\">\n\t\t\t\t<div class=\"elementor-element elementor-element-bb59e86 elementor-widget elementor-widget-image-gallery\" data-id=\"bb59e86\" data-element_type=\"widget\" data-widget_type=\"image-gallery.default\">\n\t\t\t\t<div class=\"elementor-widget-container\">\n\t\t\t\t\t\t\t<div class=\"elementor-image-gallery\">\n\t\t\t<div id='gallery-1' class='gallery galleryid-10 gallery-columns-3 gallery-size-full'><figure class='gallery-item'>\n\t\t\t<div class='gallery-icon portrait'>\n\t\t\t\t<a data-elementor-open-lightbox=\"yes\" data-elementor-lightbox-slideshow=\"bb59e86\" data-elementor-lightbox-title=\"1402storie\" data-e-action-hash=\"#elementor-action%3Aaction%3Dlightbox%26settings%3DeyJpZCI6NTI1LCJ1cmwiOiJodHRwczpcL1wvc2FuYmFzaWxpb2Jjbi5jb21cL3dwLWNvbnRlbnRcL3VwbG9hZHNcLzIwMjZcLzAxXC8xNDAyc3RvcmllLmpwZyIsInNsaWRlc2hvdyI6ImJiNTllODYifQ%3D%3D\" href='https:\/\/sanbasiliobcn.com\/wp-content\/uploads\/2026\/01\/1402storie.jpg'><img fetchpriority=\"high\" decoding=\"async\" width=\"1080\" height=\"1920\" src=\"https:\/\/sanbasiliobcn.com\/wp-content\/uploads\/2026\/01\/1402storie.jpg\" class=\"attachment-full size-full\" alt=\"\" srcset=\"https:\/\/sanbasiliobcn.com\/wp-content\/uploads\/2026\/01\/1402storie.jpg 1080w, https:\/\/sanbasiliobcn.com\/wp-content\/uploads\/2026\/01\/1402storie-169x300.jpg 169w, https:\/\/sanbasiliobcn.com\/wp-content\/uploads\/2026\/01\/1402storie-576x1024.jpg 576w, https:\/\/sanbasiliobcn.com\/wp-content\/uploads\/2026\/01\/1402storie-768x1365.jpg 768w, https:\/\/sanbasiliobcn.com\/wp-content\/uploads\/2026\/01\/1402storie-864x1536.jpg 864w\" sizes=\"(max-width: 1080px) 100vw, 1080px\" \/><\/a>\n\t\t\t<\/div><\/figure><figure class='gallery-item'>\n\t\t\t<div class='gallery-icon portrait'>\n\t\t\t\t<a data-elementor-open-lightbox=\"yes\" data-elementor-lightbox-slideshow=\"bb59e86\" data-elementor-lightbox-title=\"AFTER-STORIE-SINDJ\" data-e-action-hash=\"#elementor-action%3Aaction%3Dlightbox%26settings%3DeyJpZCI6NTI2LCJ1cmwiOiJodHRwczpcL1wvc2FuYmFzaWxpb2Jjbi5jb21cL3dwLWNvbnRlbnRcL3VwbG9hZHNcLzIwMjZcLzAxXC9BRlRFUi1TVE9SSUUtU0lOREouanBnIiwic2xpZGVzaG93IjoiYmI1OWU4NiJ9\" href='https:\/\/sanbasiliobcn.com\/wp-content\/uploads\/2026\/01\/AFTER-STORIE-SINDJ.jpg'><img decoding=\"async\" width=\"1080\" height=\"1920\" src=\"https:\/\/sanbasiliobcn.com\/wp-content\/uploads\/2026\/01\/AFTER-STORIE-SINDJ.jpg\" class=\"attachment-full size-full\" alt=\"\" srcset=\"https:\/\/sanbasiliobcn.com\/wp-content\/uploads\/2026\/01\/AFTER-STORIE-SINDJ.jpg 1080w, https:\/\/sanbasiliobcn.com\/wp-content\/uploads\/2026\/01\/AFTER-STORIE-SINDJ-169x300.jpg 169w, https:\/\/sanbasiliobcn.com\/wp-content\/uploads\/2026\/01\/AFTER-STORIE-SINDJ-576x1024.jpg 576w, https:\/\/sanbasiliobcn.com\/wp-content\/uploads\/2026\/01\/AFTER-STORIE-SINDJ-768x1365.jpg 768w, https:\/\/sanbasiliobcn.com\/wp-content\/uploads\/2026\/01\/AFTER-STORIE-SINDJ-864x1536.jpg 864w\" sizes=\"(max-width: 1080px) 100vw, 1080px\" \/><\/a>\n\t\t\t<\/div><\/figure><figure class='gallery-item'>\n\t\t\t<div class='gallery-icon portrait'>\n\t\t\t\t<a data-elementor-open-lightbox=\"yes\" data-elementor-lightbox-slideshow=\"bb59e86\" data-elementor-lightbox-title=\"VIERNES-STORIE-SINDJ\" data-e-action-hash=\"#elementor-action%3Aaction%3Dlightbox%26settings%3DeyJpZCI6NTI5LCJ1cmwiOiJodHRwczpcL1wvc2FuYmFzaWxpb2Jjbi5jb21cL3dwLWNvbnRlbnRcL3VwbG9hZHNcLzIwMjZcLzAxXC9WSUVSTkVTLVNUT1JJRS1TSU5ESi5qcGciLCJzbGlkZXNob3ciOiJiYjU5ZTg2In0%3D\" href='https:\/\/sanbasiliobcn.com\/wp-content\/uploads\/2026\/01\/VIERNES-STORIE-SINDJ.jpg'><img decoding=\"async\" width=\"1080\" height=\"1920\" src=\"https:\/\/sanbasiliobcn.com\/wp-content\/uploads\/2026\/01\/VIERNES-STORIE-SINDJ.jpg\" class=\"attachment-full size-full\" alt=\"\" srcset=\"https:\/\/sanbasiliobcn.com\/wp-content\/uploads\/2026\/01\/VIERNES-STORIE-SINDJ.jpg 1080w, https:\/\/sanbasiliobcn.com\/wp-content\/uploads\/2026\/01\/VIERNES-STORIE-SINDJ-169x300.jpg 169w, https:\/\/sanbasiliobcn.com\/wp-content\/uploads\/2026\/01\/VIERNES-STORIE-SINDJ-576x1024.jpg 576w, https:\/\/sanbasiliobcn.com\/wp-content\/uploads\/2026\/01\/VIERNES-STORIE-SINDJ-768x1365.jpg 768w, https:\/\/sanbasiliobcn.com\/wp-content\/uploads\/2026\/01\/VIERNES-STORIE-SINDJ-864x1536.jpg 864w\" sizes=\"(max-width: 1080px) 100vw, 1080px\" \/><\/a>\n\t\t\t<\/div><\/figure><figure class='gallery-item'>\n\t\t\t<div class='gallery-icon portrait'>\n\t\t\t\t<a data-elementor-open-lightbox=\"yes\" data-elementor-lightbox-slideshow=\"bb59e86\" data-elementor-lightbox-title=\"JUEVES-STORIE\" data-e-action-hash=\"#elementor-action%3Aaction%3Dlightbox%26settings%3DeyJpZCI6NTM0LCJ1cmwiOiJodHRwczpcL1wvc2FuYmFzaWxpb2Jjbi5jb21cL3dwLWNvbnRlbnRcL3VwbG9hZHNcLzIwMjZcLzAyXC9KVUVWRVMtU1RPUklFLmpwZyIsInNsaWRlc2hvdyI6ImJiNTllODYifQ%3D%3D\" href='https:\/\/sanbasiliobcn.com\/wp-content\/uploads\/2026\/02\/JUEVES-STORIE.jpg'><img loading=\"lazy\" decoding=\"async\" width=\"1080\" height=\"1920\" src=\"https:\/\/sanbasiliobcn.com\/wp-content\/uploads\/2026\/02\/JUEVES-STORIE.jpg\" class=\"attachment-full size-full\" alt=\"\" srcset=\"https:\/\/sanbasiliobcn.com\/wp-content\/uploads\/2026\/02\/JUEVES-STORIE.jpg 1080w, https:\/\/sanbasiliobcn.com\/wp-content\/uploads\/2026\/02\/JUEVES-STORIE-169x300.jpg 169w, https:\/\/sanbasiliobcn.com\/wp-content\/uploads\/2026\/02\/JUEVES-STORIE-576x1024.jpg 576w, https:\/\/sanbasiliobcn.com\/wp-content\/uploads\/2026\/02\/JUEVES-STORIE-768x1365.jpg 768w, https:\/\/sanbasiliobcn.com\/wp-content\/uploads\/2026\/02\/JUEVES-STORIE-864x1536.jpg 864w\" sizes=\"(max-width: 1080px) 100vw, 1080px\" \/><\/a>\n\t\t\t<\/div><\/figure><figure class='gallery-item'>\n\t\t\t<div class='gallery-icon portrait'>\n\t\t\t\t<a data-elementor-open-lightbox=\"yes\" data-elementor-lightbox-slideshow=\"bb59e86\" data-elementor-lightbox-title=\"SABADO-STORIE-SINDJ\" data-e-action-hash=\"#elementor-action%3Aaction%3Dlightbox%26settings%3DeyJpZCI6NTI4LCJ1cmwiOiJodHRwczpcL1wvc2FuYmFzaWxpb2Jjbi5jb21cL3dwLWNvbnRlbnRcL3VwbG9hZHNcLzIwMjZcLzAxXC9TQUJBRE8tU1RPUklFLVNJTkRKLmpwZyIsInNsaWRlc2hvdyI6ImJiNTllODYifQ%3D%3D\" href='https:\/\/sanbasiliobcn.com\/wp-content\/uploads\/2026\/01\/SABADO-STORIE-SINDJ.jpg'><img loading=\"lazy\" decoding=\"async\" width=\"1080\" height=\"1920\" src=\"https:\/\/sanbasiliobcn.com\/wp-content\/uploads\/2026\/01\/SABADO-STORIE-SINDJ.jpg\" class=\"attachment-full size-full\" alt=\"\" srcset=\"https:\/\/sanbasiliobcn.com\/wp-content\/uploads\/2026\/01\/SABADO-STORIE-SINDJ.jpg 1080w, https:\/\/sanbasiliobcn.com\/wp-content\/uploads\/2026\/01\/SABADO-STORIE-SINDJ-169x300.jpg 169w, https:\/\/sanbasiliobcn.com\/wp-content\/uploads\/2026\/01\/SABADO-STORIE-SINDJ-576x1024.jpg 576w, https:\/\/sanbasiliobcn.com\/wp-content\/uploads\/2026\/01\/SABADO-STORIE-SINDJ-768x1365.jpg 768w, https:\/\/sanbasiliobcn.com\/wp-content\/uploads\/2026\/01\/SABADO-STORIE-SINDJ-864x1536.jpg 864w\" sizes=\"(max-width: 1080px) 100vw, 1080px\" \/><\/a>\n\t\t\t<\/div><\/figure><figure class='gallery-item'>\n\t\t\t<div class='gallery-icon portrait'>\n\t\t\t\t<a data-elementor-open-lightbox=\"yes\" data-elementor-lightbox-slideshow=\"bb59e86\" data-elementor-lightbox-title=\"DOMINGO-STORIE\" data-e-action-hash=\"#elementor-action%3Aaction%3Dlightbox%26settings%3DeyJpZCI6NTI3LCJ1cmwiOiJodHRwczpcL1wvc2FuYmFzaWxpb2Jjbi5jb21cL3dwLWNvbnRlbnRcL3VwbG9hZHNcLzIwMjZcLzAxXC9ET01JTkdPLVNUT1JJRS5qcGciLCJzbGlkZXNob3ciOiJiYjU5ZTg2In0%3D\" href='https:\/\/sanbasiliobcn.com\/wp-content\/uploads\/2026\/01\/DOMINGO-STORIE.jpg'><img loading=\"lazy\" decoding=\"async\" width=\"1080\" height=\"1920\" src=\"https:\/\/sanbasiliobcn.com\/wp-content\/uploads\/2026\/01\/DOMINGO-STORIE.jpg\" class=\"attachment-full size-full\" alt=\"\" srcset=\"https:\/\/sanbasiliobcn.com\/wp-content\/uploads\/2026\/01\/DOMINGO-STORIE.jpg 1080w, https:\/\/sanbasiliobcn.com\/wp-content\/uploads\/2026\/01\/DOMINGO-STORIE-169x300.jpg 169w, https:\/\/sanbasiliobcn.com\/wp-content\/uploads\/2026\/01\/DOMINGO-STORIE-576x1024.jpg 576w, https:\/\/sanbasiliobcn.com\/wp-content\/uploads\/2026\/01\/DOMINGO-STORIE-768x1365.jpg 768w, https:\/\/sanbasiliobcn.com\/wp-content\/uploads\/2026\/01\/DOMINGO-STORIE-864x1536.jpg 864w\" sizes=\"(max-width: 1080px) 100vw, 1080px\" \/><\/a>\n\t\t\t<\/div><\/figure>\n\t\t<\/div>\n\t\t<\/div>\n\t\t\t\t\t\t<\/div>\n\t\t\t\t<\/div>\n\t\t\t\t<\/div>\n\t\t\t\t\t<\/div>\n\t\t\t\t<\/div>\n\t\t<div class=\"elementor-element elementor-element-27926cf e-flex e-con-boxed e-con e-parent\" data-id=\"27926cf\" data-element_type=\"container\">\n\t\t\t\t\t<div class=\"e-con-inner\">\n\t\t\t\t<div class=\"elementor-element elementor-element-1771614 elementor-widget elementor-widget-image-carousel\" data-id=\"1771614\" data-element_type=\"widget\" data-settings=\"{&quot;slides_to_show&quot;:&quot;1&quot;,&quot;navigation&quot;:&quot;none&quot;,&quot;autoplay&quot;:&quot;yes&quot;,&quot;autoplay_speed&quot;:5000,&quot;infinite&quot;:&quot;yes&quot;,&quot;effect&quot;:&quot;slide&quot;,&quot;speed&quot;:500}\" data-widget_type=\"image-carousel.default\">\n\t\t\t\t<div class=\"elementor-widget-container\">\n\t\t\t\t\t\t\t<div class=\"elementor-image-carousel-wrapper swiper\" role=\"region\" aria-roledescription=\"carousel\" aria-label=\"Carrusel de im\u00e1genes\" dir=\"ltr\">\n\t\t\t<div class=\"elementor-image-carousel swiper-wrapper swiper-image-stretch\" aria-live=\"off\">\n\t\t\t\t\t\t\t\t<div class=\"swiper-slide\" role=\"group\" aria-roledescription=\"slide\" aria-label=\"1 de 3\"><figure class=\"swiper-slide-inner\"><img decoding=\"async\" class=\"swiper-slide-image\" src=\"https:\/\/sanbasiliobcn.com\/wp-content\/uploads\/2024\/03\/the-best-cocktails-in-barcelona.jpg\" alt=\"the-best-cocktails-in-barcelona\" \/><\/figure><\/div><div class=\"swiper-slide\" role=\"group\" aria-roledescription=\"slide\" aria-label=\"2 de 3\"><figure class=\"swiper-slide-inner\"><img decoding=\"async\" class=\"swiper-slide-image\" src=\"https:\/\/sanbasiliobcn.com\/wp-content\/uploads\/2024\/02\/san-basilio-cocteleria-de-autor-en-barcelona.jpg\" alt=\"san-basilio-cocteleria-de-autor-en-barcelona\" \/><\/figure><\/div><div class=\"swiper-slide\" role=\"group\" aria-roledescription=\"slide\" aria-label=\"3 de 3\"><figure class=\"swiper-slide-inner\"><img decoding=\"async\" class=\"swiper-slide-image\" src=\"https:\/\/sanbasiliobcn.com\/wp-content\/uploads\/2024\/03\/barcelona-night-party-glories-av-diagonal-fiesta.jpg\" alt=\"barcelona-night-party-glories-av-diagonal-fiesta\" \/><\/figure><\/div>\t\t\t<\/div>\n\t\t\t\t\t\t\t\n\t\t\t\t\t\t\t\t\t<\/div>\n\t\t\t\t\t\t<\/div>\n\t\t\t\t<\/div>\n\t\t\t\t\t<\/div>\n\t\t\t\t<\/div>\n\t\t<div class=\"elementor-element elementor-element-2bdad02 e-con-full e-flex e-con e-parent\" data-id=\"2bdad02\" data-element_type=\"container\">\n\t\t\t\t<div class=\"elementor-element elementor-element-6b775f0 elementor-widget elementor-widget-video\" data-id=\"6b775f0\" data-element_type=\"widget\" data-settings=\"{&quot;video_type&quot;:&quot;hosted&quot;,&quot;autoplay&quot;:&quot;yes&quot;,&quot;mute&quot;:&quot;yes&quot;,&quot;loop&quot;:&quot;yes&quot;}\" data-widget_type=\"video.default\">\n\t\t\t\t<div class=\"elementor-widget-container\">\n\t\t\t\t\t\t\t<div class=\"e-hosted-video elementor-wrapper elementor-open-inline\">\n\t\t\t\t\t<video class=\"elementor-video\" src=\"https:\/\/sanbasiliobcn.com\/wp-content\/uploads\/2024\/02\/1219332_Restaurant_Restaurants_Gourmet_1920x1080.mp4\" autoplay=\"\" loop=\"\" muted=\"muted\" controlsList=\"nodownload\"><\/video>\n\t\t\t\t<\/div>\n\t\t\t\t\t\t<\/div>\n\t\t\t\t<\/div>\n\t\t\t\t<\/div>\n\t\t<div class=\"elementor-element elementor-element-9126494 e-flex e-con-boxed e-con e-parent\" data-id=\"9126494\" data-element_type=\"container\" data-settings=\"{&quot;background_background&quot;:&quot;classic&quot;}\">\n\t\t\t\t\t<div class=\"e-con-inner\">\n\t\t\t\t<div class=\"elementor-element elementor-element-ba3f3f9 elementor-widget elementor-widget-heading\" data-id=\"ba3f3f9\" data-element_type=\"widget\" data-widget_type=\"heading.default\">\n\t\t\t\t<div class=\"elementor-widget-container\">\n\t\t\t\t\t<h2 class=\"elementor-heading-title elementor-size-default\">Bienvenidos a San Basilio<\/h2>\t\t\t\t<\/div>\n\t\t\t\t<\/div>\n\t\t\t\t\t<\/div>\n\t\t\t\t<\/div>\n\t\t<div class=\"elementor-element elementor-element-4fb73a6 e-con-full e-flex e-con e-parent\" data-id=\"4fb73a6\" data-element_type=\"container\" data-settings=\"{&quot;background_background&quot;:&quot;classic&quot;}\">\n\t\t<div class=\"elementor-element elementor-element-eace1c6 e-con-full e-flex e-con e-child\" data-id=\"eace1c6\" data-element_type=\"container\">\n\t\t\t\t<div class=\"elementor-element elementor-element-5fa8f21 elementor-flip-box--effect-flip elementor-flip-box--direction-up elementor-widget elementor-widget-flip-box\" data-id=\"5fa8f21\" data-element_type=\"widget\" data-widget_type=\"flip-box.default\">\n\t\t\t\t<div class=\"elementor-widget-container\">\n\t\t\t\t\t\t\t<div class=\"elementor-flip-box\" tabindex=\"0\">\n\t\t\t<div class=\"elementor-flip-box__layer elementor-flip-box__front\">\n\t\t\t\t<div class=\"elementor-flip-box__layer__overlay\">\n\t\t\t\t\t<div class=\"elementor-flip-box__layer__inner\">\n\t\t\t\t\t\t\n\t\t\t\t\t\t\t\t\t\t\t\t\t<h3 class=\"elementor-flip-box__layer__title\">\n\t\t\t\t\t\t\t\tC\u00f3cteles Cl\u00e1sicos\t\t\t\t\t\t\t<\/h3>\n\t\t\t\t\t\t\n\t\t\t\t\t\t\t\t\t\t\t<\/div>\n\t\t\t\t<\/div>\n\t\t\t<\/div>\n\t\t\t<div class=\"elementor-flip-box__layer elementor-flip-box__back\">\n\t\t\t<div class=\"elementor-flip-box__layer__overlay\">\n\t\t\t\t<div class=\"elementor-flip-box__layer__inner\">\n\t\t\t\t\t\t\t\t\t\t\t<h3 class=\"elementor-flip-box__layer__title\">\n\t\t\t\t\t\t\tLos de siempre\t\t\t\t\t\t<\/h3>\n\t\t\t\t\t\n\t\t\t\t\t\t\t\t\t\t\t<div class=\"elementor-flip-box__layer__description\">\n\t\t\t\t\t\t\tLos cl\u00e1sicos e infaltables de la cocteler\u00eda.\t\t\t\t\t\t<\/div>\n\t\t\t\t\t\n\t\t\t\t\t\t\t\t\t\t\t<a class=\"elementor-flip-box__button elementor-button elementor-size-sm\" href=\"https:\/\/sanbasiliobcn.com\/index.php\/cocteleria\/\">\n\t\t\t\t\t\t\tVER C\u00d3CTELES\t\t\t\t\t\t<\/a>\n\t\t\t\t\t\t\t\t<\/div>\n\t\t<\/div>\n\t\t<\/div>\n\t\t<\/div>\n\t\t\t\t\t\t<\/div>\n\t\t\t\t<\/div>\n\t\t\t\t<\/div>\n\t\t<div class=\"elementor-element elementor-element-50af9be e-con-full e-flex e-con e-child\" data-id=\"50af9be\" data-element_type=\"container\">\n\t\t\t\t<div class=\"elementor-element elementor-element-d896fba elementor-flip-box--effect-flip elementor-flip-box--direction-up elementor-widget elementor-widget-flip-box\" data-id=\"d896fba\" data-element_type=\"widget\" data-widget_type=\"flip-box.default\">\n\t\t\t\t<div class=\"elementor-widget-container\">\n\t\t\t\t\t\t\t<div class=\"elementor-flip-box\" tabindex=\"0\">\n\t\t\t<div class=\"elementor-flip-box__layer elementor-flip-box__front\">\n\t\t\t\t<div class=\"elementor-flip-box__layer__overlay\">\n\t\t\t\t\t<div class=\"elementor-flip-box__layer__inner\">\n\t\t\t\t\t\t\n\t\t\t\t\t\t\t\t\t\t\t\t\t<h3 class=\"elementor-flip-box__layer__title\">\n\t\t\t\t\t\t\t\tShishas\t\t\t\t\t\t\t<\/h3>\n\t\t\t\t\t\t\n\t\t\t\t\t\t\t\t\t\t\t<\/div>\n\t\t\t\t<\/div>\n\t\t\t<\/div>\n\t\t\t<div class=\"elementor-flip-box__layer elementor-flip-box__back\">\n\t\t\t<div class=\"elementor-flip-box__layer__overlay\">\n\t\t\t\t<div class=\"elementor-flip-box__layer__inner\">\n\t\t\t\t\t\t\t\t\t\t\t<h3 class=\"elementor-flip-box__layer__title\">\n\t\t\t\t\t\t\tShisha Service\t\t\t\t\t\t<\/h3>\n\t\t\t\t\t\n\t\t\t\t\t\t\t\t\t\t\t<div class=\"elementor-flip-box__layer__description\">\n\t\t\t\t\t\t\tOfrecemos un servicio de cachimbas exclusivo.\t\t\t\t\t\t<\/div>\n\t\t\t\t\t\n\t\t\t\t\t\t\t\t\t\t\t<a class=\"elementor-flip-box__button elementor-button elementor-size-sm\">\n\t\t\t\t\t\t\tVER SABORES\t\t\t\t\t\t<\/a>\n\t\t\t\t\t\t\t\t<\/div>\n\t\t<\/div>\n\t\t<\/div>\n\t\t<\/div>\n\t\t\t\t\t\t<\/div>\n\t\t\t\t<\/div>\n\t\t\t\t<\/div>\n\t\t<div class=\"elementor-element elementor-element-776d780 e-con-full e-flex e-con e-child\" data-id=\"776d780\" data-element_type=\"container\">\n\t\t\t\t<div class=\"elementor-element elementor-element-e42774a elementor-flip-box--effect-flip elementor-flip-box--direction-up elementor-widget elementor-widget-flip-box\" data-id=\"e42774a\" data-element_type=\"widget\" data-widget_type=\"flip-box.default\">\n\t\t\t\t<div class=\"elementor-widget-container\">\n\t\t\t\t\t\t\t<div class=\"elementor-flip-box\" tabindex=\"0\">\n\t\t\t<div class=\"elementor-flip-box__layer elementor-flip-box__front\">\n\t\t\t\t<div class=\"elementor-flip-box__layer__overlay\">\n\t\t\t\t\t<div class=\"elementor-flip-box__layer__inner\">\n\t\t\t\t\t\t\n\t\t\t\t\t\t\t\t\t\t\t\t\t<h3 class=\"elementor-flip-box__layer__title\">\n\t\t\t\t\t\t\t\tC\u00f3cteles de Autor\t\t\t\t\t\t\t<\/h3>\n\t\t\t\t\t\t\n\t\t\t\t\t\t\t\t\t\t\t<\/div>\n\t\t\t\t<\/div>\n\t\t\t<\/div>\n\t\t\t<div class=\"elementor-flip-box__layer elementor-flip-box__back\">\n\t\t\t<div class=\"elementor-flip-box__layer__overlay\">\n\t\t\t\t<div class=\"elementor-flip-box__layer__inner\">\n\t\t\t\t\t\t\t\t\t\t\t<h3 class=\"elementor-flip-box__layer__title\">\n\t\t\t\t\t\t\tCreados con pasi\u00f3n y autenticidad\t\t\t\t\t\t<\/h3>\n\t\t\t\t\t\n\t\t\t\t\t\t\t\t\t\t\t<div class=\"elementor-flip-box__layer__description\">\n\t\t\t\t\t\t\tNuestras creaciones m\u00e1s aut\u00e9nticas presentadas de una manera \u00fanica.\t\t\t\t\t\t<\/div>\n\t\t\t\t\t\n\t\t\t\t\t\t\t\t\t\t\t<a class=\"elementor-flip-box__button elementor-button elementor-size-sm\" href=\"https:\/\/sanbasiliobcn.com\/index.php\/cocteleria\/\">\n\t\t\t\t\t\t\tVER C\u00d3CTELES\t\t\t\t\t\t<\/a>\n\t\t\t\t\t\t\t\t<\/div>\n\t\t<\/div>\n\t\t<\/div>\n\t\t<\/div>\n\t\t\t\t\t\t<\/div>\n\t\t\t\t<\/div>\n\t\t\t\t<\/div>\n\t\t\t\t<\/div>\n\t\t<div class=\"elementor-element elementor-element-330d31b e-flex e-con-boxed e-con e-parent\" data-id=\"330d31b\" data-element_type=\"container\" data-settings=\"{&quot;background_background&quot;:&quot;gradient&quot;}\">\n\t\t\t\t\t<div class=\"e-con-inner\">\n\t\t\t\t<div class=\"elementor-element elementor-element-06bdf34 elementor-widget elementor-widget-heading\" data-id=\"06bdf34\" data-element_type=\"widget\" data-widget_type=\"heading.default\">\n\t\t\t\t<div class=\"elementor-widget-container\">\n\t\t\t\t\t<h2 class=\"elementor-heading-title elementor-size-default\">Descubre nuestra Carta<\/h2>\t\t\t\t<\/div>\n\t\t\t\t<\/div>\n\t\t\t\t<div class=\"elementor-element elementor-element-c2fca02 elementor-align-center elementor-widget elementor-widget-button\" data-id=\"c2fca02\" data-element_type=\"widget\" data-widget_type=\"button.default\">\n\t\t\t\t<div class=\"elementor-widget-container\">\n\t\t\t\t\t\t\t\t\t<div class=\"elementor-button-wrapper\">\n\t\t\t\t\t<a class=\"elementor-button elementor-button-link elementor-size-sm elementor-animation-shrink\" href=\"#\">\n\t\t\t\t\t\t<span class=\"elementor-button-content-wrapper\">\n\t\t\t\t\t\t\t\t\t<span class=\"elementor-button-text\">VER CARTA<\/span>\n\t\t\t\t\t<\/span>\n\t\t\t\t\t<\/a>\n\t\t\t\t<\/div>\n\t\t\t\t\t\t\t\t<\/div>\n\t\t\t\t<\/div>\n\t\t\t\t\t<\/div>\n\t\t\t\t<\/div>\n\t\t\t\t<\/div>\n\t\t","protected":false},"excerpt":{"rendered":"<p>https:\/\/sanbasiliobcn.com\/wp-content\/uploads\/2024\/02\/1219332_Restaurant_Restaurants_Gourmet_1920x1080.mp4 Bienvenidos a San Basilio C\u00f3cteles Cl\u00e1sicos Los de siempre Los cl\u00e1sicos e infaltables de la cocteler\u00eda. VER C\u00d3CTELES Shishas Shisha Service Ofrecemos un servicio de cachimbas exclusivo. VER SABORES C\u00f3cteles de Autor Creados con pasi\u00f3n y autenticidad Nuestras creaciones m\u00e1s aut\u00e9nticas presentadas de una manera \u00fanica. VER C\u00d3CTELES Descubre nuestra Carta VER CARTA<\/p>\n","protected":false},"author":1,"featured_media":0,"parent":0,"menu_order":0,"comment_status":"closed","ping_status":"closed","template":"elementor_header_footer","meta":{"om_disable_all_campaigns":false,"_monsterinsights_skip_tracking":false,"_monsterinsights_sitenote_active":false,"_monsterinsights_sitenote_note":"","_monsterinsights_sitenote_category":0,"footnotes":""},"class_list":["post-10","page","type-page","status-publish","hentry","entry"],"_links":{"self":[{"href":"https:\/\/sanbasiliobcn.com\/index.php\/wp-json\/wp\/v2\/pages\/10","targetHints":{"allow":["GET"]}}],"collection":[{"href":"https:\/\/sanbasiliobcn.com\/index.php\/wp-json\/wp\/v2\/pages"}],"about":[{"href":"https:\/\/sanbasiliobcn.com\/index.php\/wp-json\/wp\/v2\/types\/page"}],"author":[{"embeddable":true,"href":"https:\/\/sanbasiliobcn.com\/index.php\/wp-json\/wp\/v2\/users\/1"}],"replies":[{"embeddable":true,"href":"https:\/\/sanbasiliobcn.com\/index.php\/wp-json\/wp\/v2\/comments?post=10"}],"version-history":[{"count":124,"href":"https:\/\/sanbasiliobcn.com\/index.php\/wp-json\/wp\/v2\/pages\/10\/revisions"}],"predecessor-version":[{"id":537,"href":"https:\/\/sanbasiliobcn.com\/index.php\/wp-json\/wp\/v2\/pages\/10\/revisions\/537"}],"wp:attachment":[{"href":"https:\/\/sanbasiliobcn.com\/index.php\/wp-json\/wp\/v2\/media?parent=10"}],"curies":[{"name":"wp","href":"https:\/\/api.w.org\/{rel}","templated":true}]}}